{"id":105,"date":"2020-06-29T23:38:07","date_gmt":"2020-06-29T23:38:07","guid":{"rendered":"https:\/\/demosites.io\/pet-shop-gb\/?page_id=105"},"modified":"2025-12-06T03:31:53","modified_gmt":"2025-12-06T02:31:53","slug":"d09c8-home","status":"publish","type":"page","link":"https:\/\/atelierdesmuseaux.com\/","title":{"rendered":"Home"},"content":{"rendered":"\n<div id=\"wp-block-themeisle-blocks-advanced-columns-cbb7d63f\" class=\"wp-block-themeisle-blocks-advanced-columns alignfull has-1-columns has-desktop-equal-layout has-tablet-equal-layout has-mobile-equal-layout has-vertical-center\"><div class=\"wp-block-themeisle-blocks-advanced-columns-overlay\"><\/div><div class=\"innerblocks-wrap\">\n<div id=\"wp-block-themeisle-blocks-advanced-column-9099e04a\" class=\"wp-block-themeisle-blocks-advanced-column\">\n<h1 class=\"wp-block-heading has-text-align-center has-white-color has-text-color\">Des accessoire uniques pour chiens<\/h1>\n\n\n\n<p id=\"wp-block-themeisle-blocks-advanced-heading-5ba2036d\" class=\"wp-block-themeisle-blocks-advanced-heading wp-block-themeisle-blocks-advanced-heading-5ba2036d\">Personnalisez m\u00e9dailles,laisses,colliers et bien plus&#8230;    cr\u00e9\u00e9s avec soin et pens\u00e9s pour le confort de votre compagnon<\/p>\n\n\n\n<p>vc<\/p>\n\n\n\n<div id=\"wp-block-themeisle-blocks-button-group-72abf9df\" class=\"wp-block-themeisle-blocks-button-group wp-block-buttons align-center\">\n<div id=\"wp-block-themeisle-blocks-button-1b647751\" class=\"wp-block-themeisle-blocks-button wp-block-button\"><a href=\"https:\/\/atelierdesmuseaux.com\/index.php\/shop\/\" target=\"_self\" rel=\"noopener noreferrer\" class=\"wp-block-button__link\"><span>Parcourir le magasin<\/span><i class=\"fas fa-fw fa-arrow-right margin-left\"><\/i><\/a><\/div>\n<\/div>\n<\/div>\n<\/div><\/div>\n\n\n\n<div id=\"wp-block-themeisle-blocks-advanced-columns-ab114888\" class=\"wp-block-themeisle-blocks-advanced-columns alignfull has-3-columns has-desktop-equal-layout has-tablet-equal-layout has-mobile-collapsedRows-layout has-vertical-unset has-light-bg\"><div class=\"wp-block-themeisle-blocks-advanced-columns-overlay\"><\/div><div class=\"innerblocks-wrap\">\n<div id=\"wp-block-themeisle-blocks-advanced-column-76cf25ee\" class=\"wp-block-themeisle-blocks-advanced-column has-light-bg\">\n<div class=\"wp-block-themeisle-blocks-service\">\n<div id=\"wp-block-themeisle-blocks-font-awesome-icons-bc6879e6\" class=\"wp-block-themeisle-blocks-font-awesome-icons\"><span class=\"wp-block-themeisle-blocks-font-awesome-icons-container\"><i class=\"fas fa-paw\"><\/i><\/span><\/div>\n\n\n\n<h3 id=\"wp-block-themeisle-blocks-advanced-heading-9559c5d1\" class=\"wp-block-themeisle-blocks-advanced-heading wp-block-themeisle-blocks-advanced-heading-9559c5d1\">Bien-\u00eatre animal<\/h3>\n\n\n\n<p class=\"has-text-align-center\">Fabriqu\u00e9s avec des mat\u00e9riaux s\u00fbrs et non toxiques pour garantir la sant\u00e9 et le bien-\u00eatre de vos compagnons.<\/p>\n<\/div>\n<\/div>\n\n\n\n<div id=\"wp-block-themeisle-blocks-advanced-column-e4703d6c\" class=\"wp-block-themeisle-blocks-advanced-column has-light-bg\">\n<div id=\"wp-block-themeisle-blocks-font-awesome-icons-8d7704f6\" class=\"wp-block-themeisle-blocks-font-awesome-icons\"><span class=\"wp-block-themeisle-blocks-font-awesome-icons-container\"><i class=\"fas fa-shipping-fast\"><\/i><\/span><\/div>\n\n\n\n<h3 id=\"wp-block-themeisle-blocks-advanced-heading-54335e2c\" class=\"wp-block-themeisle-blocks-advanced-heading wp-block-themeisle-blocks-advanced-heading-54335e2c\">Livraison gratuite<\/h3>\n\n\n\n<p class=\"has-text-align-center\">Profitez de la livraison gratuite pour toute commande de plus de <strong>100 \u20ac<\/strong> pour plus de confort.<\/p>\n<\/div>\n\n\n\n<div id=\"wp-block-themeisle-blocks-advanced-column-2d0eeda8\" class=\"wp-block-themeisle-blocks-advanced-column has-light-bg\">\n<div id=\"wp-block-themeisle-blocks-font-awesome-icons-662e3790\" class=\"wp-block-themeisle-blocks-font-awesome-icons\"><span class=\"wp-block-themeisle-blocks-font-awesome-icons-container\"><i class=\"fas fa-money-check-alt\"><\/i><\/span><\/div>\n\n\n\n<h3 id=\"wp-block-themeisle-blocks-advanced-heading-9f7c0b44\" class=\"wp-block-themeisle-blocks-advanced-heading wp-block-themeisle-blocks-advanced-heading-9f7c0b44\">Paiements flexibles<\/h3>\n\n\n\n<p class=\"has-text-align-center\">Choisissez parmi plusieurs options de paiement adapt\u00e9es \u00e0 votre budget.<\/p>\n<\/div>\n<\/div><\/div>\n\n\n\n<div id=\"wp-block-themeisle-blocks-advanced-columns-7ca699a0\" class=\"wp-block-themeisle-blocks-advanced-columns alignfull has-1-columns has-desktop-equal-layout has-tablet-equal-layout has-mobile-equal-layout has-vertical-unset has-light-bg\"><div class=\"wp-block-themeisle-blocks-advanced-columns-overlay\"><\/div><div class=\"innerblocks-wrap\">\n<div id=\"wp-block-themeisle-blocks-advanced-column-01546f97\" class=\"wp-block-themeisle-blocks-advanced-column\">\n<h2 class=\"wp-block-heading has-text-align-center has-neve-text-color-color has-text-color\">Featured Products<\/h2>\n\n\n\n<hr class=\"wp-block-separator has-text-color has-neve-button-color-color has-css-opacity has-neve-button-color-background-color has-background\"\/>\n\n\n<div data-block-name=\"woocommerce\/product-new\" data-content-visibility=\"{&quot;title&quot;:true,&quot;price&quot;:true,&quot;rating&quot;:false,&quot;button&quot;:true}\" data-rows=\"1\" class=\"wc-block-grid wp-block-product-new wp-block-woocommerce-product-new wc-block-product-new has-3-columns\"><ul class=\"wc-block-grid__products\"><li class=\"wc-block-grid__product\">\n\t\t\t\t<a href=\"https:\/\/atelierdesmuseaux.com\/index.php\/product\/marguerite-blanche\/\" class=\"wc-block-grid__product-link\">\n\t\t\t\t\t\n\t\t\t\t\t<div class=\"wc-block-grid__product-image\"><img loading=\"lazy\" decoding=\"async\" width=\"300\" height=\"300\" src=\"https:\/\/atelierdesmuseaux.com\/wp-content\/uploads\/2025\/12\/Untitled-design-54-300x300.png\" class=\"attachment-woocommerce_thumbnail size-woocommerce_thumbnail\" alt=\"marguerite blanche\" srcset=\"https:\/\/atelierdesmuseaux.com\/wp-content\/uploads\/2025\/12\/Untitled-design-54-300x300.png 300w, https:\/\/atelierdesmuseaux.com\/wp-content\/uploads\/2025\/12\/Untitled-design-54-150x150.png 150w, https:\/\/atelierdesmuseaux.com\/wp-content\/uploads\/2025\/12\/Untitled-design-54-100x100.png 100w\" sizes=\"auto, (max-width: 300px) 100vw, 300px\" \/><\/div>\n\t\t\t\t\t<div class=\"wc-block-grid__product-title\">marguerite blanche<\/div>\n\t\t\t\t<\/a>\n\t\t\t\t<div class=\"wc-block-grid__product-price price\"><span class=\"woocommerce-Price-amount amount\">2,00&nbsp;<span class=\"woocommerce-Price-currencySymbol\">&euro;<\/span><\/span><\/div>\n\t\t\t\t\n\t\t\t\t<div class=\"wp-block-button wc-block-grid__product-add-to-cart\"><a href=\"\/index.php\/wp-json\/wp\/v2\/pages\/105?add-to-cart=517\" aria-label=\"Ajouter au panier\u00a0: &ldquo;marguerite blanche&rdquo;\" data-quantity=\"1\" data-product_id=\"517\" data-product_sku=\"\" data-price=\"2\" rel=\"nofollow\" class=\"wp-block-button__link  add_to_cart_button ajax_add_to_cart\">Ajouter au panier<\/a><\/div>\n\t\t\t<\/li><li class=\"wc-block-grid__product\">\n\t\t\t\t<a href=\"https:\/\/atelierdesmuseaux.com\/index.php\/product\/marguerite-rose\/\" class=\"wc-block-grid__product-link\">\n\t\t\t\t\t\n\t\t\t\t\t<div class=\"wc-block-grid__product-image\"><img loading=\"lazy\" decoding=\"async\" width=\"300\" height=\"300\" src=\"https:\/\/atelierdesmuseaux.com\/wp-content\/uploads\/2025\/12\/Untitled-design-53-300x300.png\" class=\"attachment-woocommerce_thumbnail size-woocommerce_thumbnail\" alt=\"marguerite rose\" srcset=\"https:\/\/atelierdesmuseaux.com\/wp-content\/uploads\/2025\/12\/Untitled-design-53-300x300.png 300w, https:\/\/atelierdesmuseaux.com\/wp-content\/uploads\/2025\/12\/Untitled-design-53-150x150.png 150w, https:\/\/atelierdesmuseaux.com\/wp-content\/uploads\/2025\/12\/Untitled-design-53-100x100.png 100w\" sizes=\"auto, (max-width: 300px) 100vw, 300px\" \/><\/div>\n\t\t\t\t\t<div class=\"wc-block-grid__product-title\">marguerite rose<\/div>\n\t\t\t\t<\/a>\n\t\t\t\t<div class=\"wc-block-grid__product-price price\"><span class=\"woocommerce-Price-amount amount\">2,00&nbsp;<span class=\"woocommerce-Price-currencySymbol\">&euro;<\/span><\/span><\/div>\n\t\t\t\t\n\t\t\t\t<div class=\"wp-block-button wc-block-grid__product-add-to-cart\"><a href=\"\/index.php\/wp-json\/wp\/v2\/pages\/105?add-to-cart=515\" aria-label=\"Ajouter au panier\u00a0: &ldquo;marguerite rose&rdquo;\" data-quantity=\"1\" data-product_id=\"515\" data-product_sku=\"\" data-price=\"2\" rel=\"nofollow\" class=\"wp-block-button__link  add_to_cart_button ajax_add_to_cart\">Ajouter au panier<\/a><\/div>\n\t\t\t<\/li><li class=\"wc-block-grid__product\">\n\t\t\t\t<a href=\"https:\/\/atelierdesmuseaux.com\/index.php\/product\/marguerite-verte\/\" class=\"wc-block-grid__product-link\">\n\t\t\t\t\t\n\t\t\t\t\t<div class=\"wc-block-grid__product-image\"><img loading=\"lazy\" decoding=\"async\" width=\"300\" height=\"300\" src=\"https:\/\/atelierdesmuseaux.com\/wp-content\/uploads\/2025\/12\/Untitled-design-52-300x300.png\" class=\"attachment-woocommerce_thumbnail size-woocommerce_thumbnail\" alt=\"marguerite verte\" srcset=\"https:\/\/atelierdesmuseaux.com\/wp-content\/uploads\/2025\/12\/Untitled-design-52-300x300.png 300w, https:\/\/atelierdesmuseaux.com\/wp-content\/uploads\/2025\/12\/Untitled-design-52-150x150.png 150w, https:\/\/atelierdesmuseaux.com\/wp-content\/uploads\/2025\/12\/Untitled-design-52-100x100.png 100w\" sizes=\"auto, (max-width: 300px) 100vw, 300px\" \/><\/div>\n\t\t\t\t\t<div class=\"wc-block-grid__product-title\">marguerite verte<\/div>\n\t\t\t\t<\/a>\n\t\t\t\t<div class=\"wc-block-grid__product-price price\"><span class=\"woocommerce-Price-amount amount\">2,00&nbsp;<span class=\"woocommerce-Price-currencySymbol\">&euro;<\/span><\/span><\/div>\n\t\t\t\t\n\t\t\t\t<div class=\"wp-block-button wc-block-grid__product-add-to-cart\"><a href=\"\/index.php\/wp-json\/wp\/v2\/pages\/105?add-to-cart=513\" aria-label=\"Ajouter au panier\u00a0: &ldquo;marguerite verte&rdquo;\" data-quantity=\"1\" data-product_id=\"513\" data-product_sku=\"\" data-price=\"2\" rel=\"nofollow\" class=\"wp-block-button__link  add_to_cart_button ajax_add_to_cart\">Ajouter au panier<\/a><\/div>\n\t\t\t<\/li><\/ul><\/div>\n\n\n<div style=\"height:20px\" aria-hidden=\"true\" class=\"wp-block-spacer\"><\/div>\n\n\n\n<div id=\"wp-block-themeisle-blocks-button-group-d66b4dbf\" class=\"wp-block-themeisle-blocks-button-group wp-block-buttons align-center\">\n<div id=\"wp-block-themeisle-blocks-button-65fc7bca\" class=\"wp-block-themeisle-blocks-button wp-block-button\"><a href=\"#\" target=\"_self\" rel=\"noopener noreferrer\" class=\"wp-block-button__link\"><span>BROWSE ALL PRODUCTS<\/span><\/a><\/div>\n<\/div>\n<\/div>\n<\/div><\/div>\n","protected":false},"excerpt":{"rendered":"","protected":false},"author":1,"featured_media":0,"parent":0,"menu_order":0,"comment_status":"closed","ping_status":"closed","template":"","meta":{"neve_meta_sidebar":"full-width","neve_meta_container":"","neve_meta_enable_content_width":"on","neve_meta_content_width":100,"neve_meta_title_alignment":"","neve_meta_author_avatar":"","neve_post_elements_order":"","neve_meta_disable_header":"","neve_meta_disable_footer":"","neve_meta_disable_title":"on","_themeisle_gutenberg_block_has_review":false,"footnotes":""},"class_list":["post-105","page","type-page","status-publish","hentry"],"_links":{"self":[{"href":"https:\/\/atelierdesmuseaux.com\/index.php\/wp-json\/wp\/v2\/pages\/105","targetHints":{"allow":["GET"]}}],"collection":[{"href":"https:\/\/atelierdesmuseaux.com\/index.php\/wp-json\/wp\/v2\/pages"}],"about":[{"href":"https:\/\/atelierdesmuseaux.com\/index.php\/wp-json\/wp\/v2\/types\/page"}],"author":[{"embeddable":true,"href":"https:\/\/atelierdesmuseaux.com\/index.php\/wp-json\/wp\/v2\/users\/1"}],"replies":[{"embeddable":true,"href":"https:\/\/atelierdesmuseaux.com\/index.php\/wp-json\/wp\/v2\/comments?post=105"}],"version-history":[{"count":5,"href":"https:\/\/atelierdesmuseaux.com\/index.php\/wp-json\/wp\/v2\/pages\/105\/revisions"}],"predecessor-version":[{"id":372,"href":"https:\/\/atelierdesmuseaux.com\/index.php\/wp-json\/wp\/v2\/pages\/105\/revisions\/372"}],"wp:attachment":[{"href":"https:\/\/atelierdesmuseaux.com\/index.php\/wp-json\/wp\/v2\/media?parent=105"}],"curies":[{"name":"wp","href":"https:\/\/api.w.org\/{rel}","templated":true}]}}