{"id":108,"date":"2020-06-30T00:26:40","date_gmt":"2020-06-30T00:26:40","guid":{"rendered":"https:\/\/demosites.io\/pet-shop-gb\/?page_id=108"},"modified":"2025-12-06T03:27:51","modified_gmt":"2025-12-06T02:27:51","slug":"d09c8-about","status":"publish","type":"page","link":"https:\/\/atelierdesmuseaux.com\/index.php\/d09c8-about\/","title":{"rendered":"\u00c1 propos"},"content":{"rendered":"\n<div id=\"wp-block-themeisle-blocks-advanced-columns-6d39dfb0\" class=\"wp-block-themeisle-blocks-advanced-columns alignfull has-1-columns has-desktop-equal-layout has-tablet-equal-layout has-mobile-equal-layout has-vertical-unset\"><div class=\"wp-block-themeisle-blocks-advanced-columns-overlay\"><\/div><div class=\"innerblocks-wrap\">\n<div id=\"wp-block-themeisle-blocks-advanced-column-d08a6c6d\" class=\"wp-block-themeisle-blocks-advanced-column\">\n<h1 class=\"wp-block-heading has-text-align-center has-nv-text-dark-bg-color has-text-color\">\u00c1 propos de nous<\/h1>\n\n\n\n<hr class=\"wp-block-separator has-text-color has-neve-link-color-color has-alpha-channel-opacity has-neve-link-color-background-color has-background is-style-wide\"\/>\n<\/div>\n<\/div><\/div>\n\n\n\n<div id=\"wp-block-themeisle-blocks-advanced-columns-aac5f012\" class=\"wp-block-themeisle-blocks-advanced-columns alignfull has-1-columns has-desktop-oneTwo-layout has-tablet-equal-layout has-mobile-collapsedRows-layout has-vertical-unset has-light-bg\"><div class=\"wp-block-themeisle-blocks-advanced-columns-overlay\"><\/div><div class=\"innerblocks-wrap\">\n<div id=\"wp-block-themeisle-blocks-advanced-column-c775aa31\" class=\"wp-block-themeisle-blocks-advanced-column\">\n<h2 class=\"wp-block-heading\">Bienvenue \u00e0 l\u2019Atelier des Museaux&nbsp;<\/h2>\n\n\n\n<p id=\"wp-block-themeisle-blocks-advanced-heading-5e92b692\" class=\"wp-block-themeisle-blocks-advanced-heading wp-block-themeisle-blocks-advanced-heading-5e92b692\">Je m\u2019appelle Morgane et je suis la cr\u00e9atrice de toutes les m\u00e9dailles et accessoires que vous d\u00e9couvrez ici. Passionn\u00e9e par les animaux et tr\u00e8s attach\u00e9e au fait-main, j\u2019ai cr\u00e9\u00e9 l\u2019Atelier des Museaux pour proposer des accessoires uniques, personnalis\u00e9s et durables pour vos compagnons.<br>&nbsp;<br>Chaque m\u00e9daille est r\u00e9alis\u00e9e \u00e0 la main, avec soin, selon vos envies : choix des couleurs, paillettes, charms, motifs, attache porte-cl\u00e9s ou clip\u2026 Chaque cr\u00e9ation est pens\u00e9e pour \u00eatre \u00e0 la fois esth\u00e9tique, solide et adapt\u00e9e \u00e0 votre animal.<br>&nbsp;<br>J\u2019ai \u00e9galement d\u00e9velopp\u00e9 une gamme de laisses et colliers en biothane, un mat\u00e9riau r\u00e9sistant, waterproof, facile \u00e0 nettoyer et disponible dans de nombreux coloris. Chaque accessoire est fabriqu\u00e9 sur mesure, selon les options que vous choisissez.<br>&nbsp;<br>Mon objectif : cr\u00e9er des pi\u00e8ces uniques, personnalis\u00e9es, de qualit\u00e9, qui accompagneront vos animaux dans toutes leurs aventures.<br>Merci de soutenir mon travail artisanal et de faire vivre cette belle aventure. <\/p>\n\n\n\n<p style=\"font-size:26px;text-decoration:underline;\">Morgane \u2013 L\u2019Atelier des Museaux<\/p>\n<\/div>\n<\/div><\/div>\n\n\n\n<div id=\"wp-block-themeisle-blocks-advanced-columns-0dd32b1f\" class=\"wp-block-themeisle-blocks-advanced-columns alignfull has-2-columns has-desktop-oneTwo-layout has-tablet-equal-layout has-mobile-collapsedRows-layout has-vertical-unset\"><div class=\"wp-block-themeisle-blocks-advanced-columns-overlay\"><\/div><div class=\"innerblocks-wrap\">\n<div id=\"wp-block-themeisle-blocks-advanced-column-b87f0665\" class=\"wp-block-themeisle-blocks-advanced-column\">\n<div id=\"wp-block-themeisle-blocks-advanced-columns-30b38721\" class=\"wp-block-themeisle-blocks-advanced-columns has-2-columns has-desktop-equal-layout has-tablet-equal-layout has-mobile-collapsedRows-layout has-vertical-unset\"><div class=\"wp-block-themeisle-blocks-advanced-columns-overlay\"><\/div><div class=\"innerblocks-wrap\">\n<div id=\"wp-block-themeisle-blocks-advanced-column-785827e4\" class=\"wp-block-themeisle-blocks-advanced-column\"><\/div>\n\n\n\n<div id=\"wp-block-themeisle-blocks-advanced-column-0fd5cc39\" class=\"wp-block-themeisle-blocks-advanced-column\"><\/div>\n<\/div><\/div>\n<\/div>\n\n\n\n<div id=\"wp-block-themeisle-blocks-advanced-column-db69c55e\" class=\"wp-block-themeisle-blocks-advanced-column\">\n<div id=\"wp-block-themeisle-blocks-advanced-columns-24921e6c\" class=\"wp-block-themeisle-blocks-advanced-columns has-3-columns has-desktop-equal-layout has-tablet-equal-layout has-mobile-collapsedRows-layout has-vertical-unset\"><div class=\"wp-block-themeisle-blocks-advanced-columns-overlay\"><\/div><div class=\"innerblocks-wrap\">\n<div id=\"wp-block-themeisle-blocks-advanced-column-2be5e90e\" class=\"wp-block-themeisle-blocks-advanced-column\"><\/div>\n\n\n\n<div id=\"wp-block-themeisle-blocks-advanced-column-feb003ae\" class=\"wp-block-themeisle-blocks-advanced-column\"><\/div>\n\n\n\n<div id=\"wp-block-themeisle-blocks-advanced-column-1b3c3f8e\" class=\"wp-block-themeisle-blocks-advanced-column\"><\/div>\n<\/div><\/div>\n<\/div>\n<\/div><\/div>\n\n\n\n<div id=\"wp-block-themeisle-blocks-advanced-columns-7fa15eef\" class=\"wp-block-themeisle-blocks-advanced-columns alignfull has-1-columns has-desktop-equal-layout has-tablet-equal-layout has-mobile-equal-layout has-vertical-unset\"><div class=\"wp-block-themeisle-blocks-advanced-columns-overlay\"><\/div><div class=\"innerblocks-wrap\">\n<div id=\"wp-block-themeisle-blocks-advanced-column-20d8fef0\" class=\"wp-block-themeisle-blocks-advanced-column\">\n<h2 class=\"wp-block-heading has-text-align-center\">Shop Categories<\/h2>\n<\/div>\n<\/div><\/div>\n\n\n\n<div id=\"wp-block-themeisle-blocks-advanced-columns-7fc487a2\" class=\"wp-block-themeisle-blocks-advanced-columns alignfull has-3-columns has-desktop-equal-layout has-tablet-equal-layout has-mobile-collapsedRows-layout has-vertical-unset\"><div class=\"wp-block-themeisle-blocks-advanced-columns-overlay\"><\/div><div class=\"innerblocks-wrap\">\n<div id=\"wp-block-themeisle-blocks-advanced-column-f085661c\" class=\"wp-block-themeisle-blocks-advanced-column\">\n<figure class=\"wp-block-image size-large\"><img loading=\"lazy\" decoding=\"async\" width=\"600\" height=\"800\" src=\"http:\/\/atelierdesmuseaux.com\/wp-content\/uploads\/2020\/04\/neve-pet-shop-12.jpg\" alt=\"\" class=\"wp-image-39\" srcset=\"https:\/\/atelierdesmuseaux.com\/wp-content\/uploads\/2020\/04\/neve-pet-shop-12.jpg 600w, https:\/\/atelierdesmuseaux.com\/wp-content\/uploads\/2020\/04\/neve-pet-shop-12-225x300.jpg 225w\" sizes=\"auto, (max-width: 600px) 100vw, 600px\" \/><\/figure>\n\n\n\n<div style=\"height:24px\" aria-hidden=\"true\" class=\"wp-block-spacer\"><\/div>\n\n\n\n<h3 class=\"wp-block-heading has-text-align-center\">Misc<\/h3>\n\n\n\n<p class=\"has-text-align-center\">Explore a variety of unique pet accessories, gifts, and more to spoil your furry friends.<\/p>\n<\/div>\n\n\n\n<div id=\"wp-block-themeisle-blocks-advanced-column-1f0c697c\" class=\"wp-block-themeisle-blocks-advanced-column\">\n<figure class=\"wp-block-image size-large\"><img loading=\"lazy\" decoding=\"async\" width=\"600\" height=\"800\" src=\"http:\/\/atelierdesmuseaux.com\/wp-content\/uploads\/2020\/04\/neve-pet-shop-11.jpg\" alt=\"\" class=\"wp-image-38\" srcset=\"https:\/\/atelierdesmuseaux.com\/wp-content\/uploads\/2020\/04\/neve-pet-shop-11.jpg 600w, https:\/\/atelierdesmuseaux.com\/wp-content\/uploads\/2020\/04\/neve-pet-shop-11-225x300.jpg 225w\" sizes=\"auto, (max-width: 600px) 100vw, 600px\" \/><\/figure>\n\n\n\n<div style=\"height:24px\" aria-hidden=\"true\" class=\"wp-block-spacer\"><\/div>\n\n\n\n<h3 class=\"wp-block-heading has-text-align-center\">Pets<\/h3>\n\n\n\n<p class=\"has-text-align-center\">Discover your perfect companion from our selection of adorable, health-checked pets, ready to bring joy to your home.<\/p>\n<\/div>\n\n\n\n<div id=\"wp-block-themeisle-blocks-advanced-column-67af76c2\" class=\"wp-block-themeisle-blocks-advanced-column\">\n<figure class=\"wp-block-image size-large\"><img loading=\"lazy\" decoding=\"async\" width=\"600\" height=\"800\" src=\"http:\/\/atelierdesmuseaux.com\/wp-content\/uploads\/2020\/04\/neve-pet-shop-21.jpg\" alt=\"\" class=\"wp-image-45\" srcset=\"https:\/\/atelierdesmuseaux.com\/wp-content\/uploads\/2020\/04\/neve-pet-shop-21.jpg 600w, https:\/\/atelierdesmuseaux.com\/wp-content\/uploads\/2020\/04\/neve-pet-shop-21-225x300.jpg 225w\" sizes=\"auto, (max-width: 600px) 100vw, 600px\" \/><\/figure>\n\n\n\n<div style=\"height:24px\" aria-hidden=\"true\" class=\"wp-block-spacer\"><\/div>\n\n\n\n<h3 class=\"wp-block-heading has-text-align-center\">Pet Food<\/h3>\n\n\n\n<p class=\"has-text-align-center\">Shop nutritious, premium-quality food and treats to keep your pets healthy and happy.<\/p>\n<\/div>\n<\/div><\/div>\n\n\n\n<div id=\"wp-block-themeisle-blocks-advanced-columns-0ab5d83a\" class=\"wp-block-themeisle-blocks-advanced-columns alignfull has-1-columns has-desktop-equal-layout has-tablet-equal-layout has-mobile-equal-layout has-vertical-unset has-dark-bg\"><div class=\"wp-block-themeisle-blocks-advanced-columns-overlay\"><\/div><div class=\"innerblocks-wrap\">\n<div id=\"wp-block-themeisle-blocks-advanced-column-d6f07f31\" class=\"wp-block-themeisle-blocks-advanced-column\">\n<h2 class=\"wp-block-heading has-text-align-center has-nv-text-dark-bg-color has-text-color\">Frequent Questions<\/h2>\n\n\n\n<hr class=\"wp-block-separator has-text-color has-neve-button-color-color has-css-opacity has-neve-button-color-background-color has-background\"\/>\n\n\n\n<div id=\"wp-block-themeisle-blocks-accordion-0b5e904d\" class=\"wp-block-themeisle-blocks-accordion exclusive has-gap has-dark-title-bg\">\n<details class=\"wp-block-themeisle-blocks-accordion-item\"><summary class=\"wp-block-themeisle-blocks-accordion-item__title\"><div>Do you offer country-wide shipping<\/div><\/summary><div class=\"wp-block-themeisle-blocks-accordion-item__content\">\n<p>This is a placeholder tab content. It is important to have the necessary information in the block, but at this stage, it is just a placeholder to help you visualise how the content is displayed. Feel free to edit this with your actual content.<\/p>\n<\/div><\/details>\n\n\n\n<details class=\"wp-block-themeisle-blocks-accordion-item\"><summary class=\"wp-block-themeisle-blocks-accordion-item__title\"><div>Are there certifications for the organic pet food?<\/div><\/summary><div class=\"wp-block-themeisle-blocks-accordion-item__content\">\n<p>This is a placeholder tab content. It is important to have the necessary information in the block, but at this stage, it is just a placeholder to help you visualise how the content is displayed. Feel free to edit this with your actual content.<\/p>\n<\/div><\/details>\n\n\n\n<details class=\"wp-block-themeisle-blocks-accordion-item\"><summary class=\"wp-block-themeisle-blocks-accordion-item__title\"><div>Can I buy a pet online?<\/div><\/summary><div class=\"wp-block-themeisle-blocks-accordion-item__content\">\n<p>This is a placeholder tab content. It is important to have the necessary information in the block, but at this stage, it is just a placeholder to help you visualise how the content is displayed. Feel free to edit this with your actual content.<\/p>\n<\/div><\/details>\n<\/div>\n<\/div>\n<\/div><\/div>\n\n\n\n<div id=\"wp-block-themeisle-blocks-advanced-columns-ab114888\" class=\"wp-block-themeisle-blocks-advanced-columns alignfull has-3-columns has-desktop-equal-layout has-tablet-equal-layout has-mobile-collapsedRows-layout has-vertical-unset has-light-bg\"><div class=\"wp-block-themeisle-blocks-advanced-columns-overlay\"><\/div><div class=\"innerblocks-wrap\">\n<div id=\"wp-block-themeisle-blocks-advanced-column-76cf25ee\" class=\"wp-block-themeisle-blocks-advanced-column has-light-bg\">\n<div class=\"wp-block-themeisle-blocks-service\">\n<div id=\"wp-block-themeisle-blocks-font-awesome-icons-bc6879e6\" class=\"wp-block-themeisle-blocks-font-awesome-icons\"><span class=\"wp-block-themeisle-blocks-font-awesome-icons-container\"><i class=\"fas fa-paw\"><\/i><\/span><\/div>\n\n\n\n<h3 id=\"wp-block-themeisle-blocks-advanced-heading-9559c5d1\" class=\"wp-block-themeisle-blocks-advanced-heading wp-block-themeisle-blocks-advanced-heading-9559c5d1\">Bien-\u00eatre animal<\/h3>\n\n\n\n<p class=\"has-text-align-center\">Fabriqu\u00e9s avec des mat\u00e9riaux s\u00fbrs et non toxiques pour garantir la sant\u00e9 et le bien-\u00eatre de vos compagnons.<\/p>\n<\/div>\n<\/div>\n\n\n\n<div id=\"wp-block-themeisle-blocks-advanced-column-e4703d6c\" class=\"wp-block-themeisle-blocks-advanced-column has-light-bg\">\n<div id=\"wp-block-themeisle-blocks-font-awesome-icons-8d7704f6\" class=\"wp-block-themeisle-blocks-font-awesome-icons\"><span class=\"wp-block-themeisle-blocks-font-awesome-icons-container\"><i class=\"fas fa-shipping-fast\"><\/i><\/span><\/div>\n\n\n\n<h3 id=\"wp-block-themeisle-blocks-advanced-heading-54335e2c\" class=\"wp-block-themeisle-blocks-advanced-heading wp-block-themeisle-blocks-advanced-heading-54335e2c\">Livraison gratuite<\/h3>\n\n\n\n<p class=\"has-text-align-center\">Profitez de la livraison gratuite pour toute commande de plus de\u00a0<strong>100\u20ac<\/strong>\u00a0pour plus de confort.<\/p>\n<\/div>\n\n\n\n<div id=\"wp-block-themeisle-blocks-advanced-column-2d0eeda8\" class=\"wp-block-themeisle-blocks-advanced-column has-light-bg\">\n<div id=\"wp-block-themeisle-blocks-font-awesome-icons-662e3790\" class=\"wp-block-themeisle-blocks-font-awesome-icons\"><span class=\"wp-block-themeisle-blocks-font-awesome-icons-container\"><i class=\"fas fa-money-check-alt\"><\/i><\/span><\/div>\n\n\n\n<h3 id=\"wp-block-themeisle-blocks-advanced-heading-9f7c0b44\" class=\"wp-block-themeisle-blocks-advanced-heading wp-block-themeisle-blocks-advanced-heading-9f7c0b44\">Paiements flexibles<\/h3>\n\n\n\n<p class=\"has-text-align-center\">Choisissez parmi plusieurs options de paiement adapt\u00e9es \u00e0 votre budget.<\/p>\n<\/div>\n<\/div><\/div>\n","protected":false},"excerpt":{"rendered":"","protected":false},"author":1,"featured_media":0,"parent":0,"menu_order":0,"comment_status":"closed","ping_status":"closed","template":"","meta":{"neve_meta_sidebar":"full-width","neve_meta_container":"","neve_meta_enable_content_width":"on","neve_meta_content_width":100,"neve_meta_title_alignment":"","neve_meta_author_avatar":"","neve_post_elements_order":"","neve_meta_disable_header":"","neve_meta_disable_footer":"","neve_meta_disable_title":"on","_themeisle_gutenberg_block_has_review":false,"footnotes":""},"class_list":["post-108","page","type-page","status-publish","hentry"],"_links":{"self":[{"href":"https:\/\/atelierdesmuseaux.com\/index.php\/wp-json\/wp\/v2\/pages\/108","targetHints":{"allow":["GET"]}}],"collection":[{"href":"https:\/\/atelierdesmuseaux.com\/index.php\/wp-json\/wp\/v2\/pages"}],"about":[{"href":"https:\/\/atelierdesmuseaux.com\/index.php\/wp-json\/wp\/v2\/types\/page"}],"author":[{"embeddable":true,"href":"https:\/\/atelierdesmuseaux.com\/index.php\/wp-json\/wp\/v2\/users\/1"}],"replies":[{"embeddable":true,"href":"https:\/\/atelierdesmuseaux.com\/index.php\/wp-json\/wp\/v2\/comments?post=108"}],"version-history":[{"count":5,"href":"https:\/\/atelierdesmuseaux.com\/index.php\/wp-json\/wp\/v2\/pages\/108\/revisions"}],"predecessor-version":[{"id":371,"href":"https:\/\/atelierdesmuseaux.com\/index.php\/wp-json\/wp\/v2\/pages\/108\/revisions\/371"}],"wp:attachment":[{"href":"https:\/\/atelierdesmuseaux.com\/index.php\/wp-json\/wp\/v2\/media?parent=108"}],"curies":[{"name":"wp","href":"https:\/\/api.w.org\/{rel}","templated":true}]}}